{"id":1637,"date":"2021-04-05T15:23:08","date_gmt":"2021-04-05T20:23:08","guid":{"rendered":"https:\/\/wp.uthscsa.edu\/tackle\/?page_id=1637"},"modified":"2021-12-01T09:40:37","modified_gmt":"2021-12-01T15:40:37","slug":"sobre-nosotros","status":"publish","type":"page","link":"https:\/\/wp.uthscsa.edu\/tackle\/es\/sobre-nosotros\/","title":{"rendered":"Sobre Nosotros"},"content":{"rendered":"<div class=\"wpb-content-wrapper\"><p>[vc_row el_class=&#8221;far&#8221;][vc_column width=&#8221;1\/2&#8243;][vc_column_text]<\/p>\n<h2 class=\"ruled-heading\">Metas del programa TACKLE<\/h2>\n<p>1.\u00a0Establecimiento de un modelo de <strong>detecci\u00f3n y vinculaci\u00f3n del VHC con la atenci\u00f3n y el tratamiento, incluida la integraci\u00f3n del trastorno de uso de sustancias (UDS) \/ servicios de salud mental<\/strong> para personas que viven con VIH (PVVS) en una red de clinicas financiada por el Programa de VIH \/ SIDA Ryan White (RWHAP) en el sur de Texas<\/p>\n<p>2. <strong>Brindar educaci\u00f3n y apoyo a los proveedores para el manejo y tratamiento<\/strong> de la infecci\u00f3n por el VIH \/ VHC en PVVS por\u00a0<a href=\"https:\/\/wp.uthscsa.edu\/echo\/\" target=\"_blank\" rel=\"noopener noreferrer\">UT Health San Antonio ECHO<\/a>\u00a0(<em>pagina\u00a0web en ingl\u00e9s)<\/em><\/p>\n<p>3. <strong>Educaci\u00f3n y detecci\u00f3n de VIH \/ VHC en las comunidades <\/strong>que est\u00e1n compuestas predominantemente por personas de color<\/p>\n<p>4. El mejoramiento de <strong>vigilancia<\/strong> para VHC agudo y cr\u00f3nico en PVVS<\/p>\n<p>5. <strong>La difusi\u00f3n sistem\u00e1tica de los resultados\u00a0del programa y lecciones aprendidas<\/strong> para alcanzar grandes n\u00fameros de cl\u00ednicos, investigadores y pol\u00edticos[\/vc_column_text][\/vc_column][vc_column width=&#8221;1\/2&#8243;][vc_gallery type=&#8221;nivo&#8221; interval=&#8221;10&#8243; images=&#8221;646,463&#8243; img_size=&#8221;large&#8221; onclick=&#8221;&#8221;][\/vc_column][\/vc_row][vc_row full_width=&#8221;stretch_row&#8221; el_class=&#8221;bleed roomy colorized colorized-theme text-center&#8221;][vc_column][vc_column_text]<\/p>\n<h2 class=\"emulate-h1\">Nuestro equipo TACKLE<\/h2>\n<p>Nuestro equipo est\u00e1 formado por personas dedicadas y apasionadas por mejorar la prevenci\u00f3n, la atenci\u00f3n, el tratamiento y la cura del VHC en <span class=\"tlid-translation translation\"><span class=\"\" title=\"\">personas que viven con VIH (PVVS).<\/span><\/span><\/p>\n<ul class=\"inline loose-list-button\">\n<li><a class=\"button button-transparent carat-double\" href=\"https:\/\/wp.uthscsa.edu\/tackle\/es\/equipo\/\">Equipo TACKLE VIH\/VHC<\/a><\/li>\n<li><a class=\"button button-transparent carat-double\" href=\"https:\/\/wp.uthscsa.edu\/tackle\/es\/socios\/\">Nuestros socios\u00a0<\/a><\/li>\n<\/ul>\n<p>[\/vc_column_text][\/vc_column][\/vc_row][vc_row el_class=&#8221;roomy&#8221;][vc_column width=&#8221;1\/2&#8243;][vc_empty_space height=&#8221;60px&#8221;][vc_column_text]<\/p>\n<h2 class=\"ruled-heading\"><span class=\"tlid-translation translation\"><span class=\"\" title=\"\">Socios del Programa TACKLE<\/span><\/span><\/h2>\n<p>El equipo est\u00e1 dirigido por la Divisi\u00f3n de Enfermedades Infecciosas y el Centro de\u00a0<span class=\"tlid-translation translation\"><span class=\"alt-edited\" title=\"\"> Investigaci\u00f3n<\/span><\/span> para Avancer la Salud Communitaria (ReACH) de UT Health San Antonio, en colaboraci\u00f3n con el San Antonio AIDS Foundation, Family-Focused AIDS Clinical Treatment Services, Alamo Area Resource Center, Coastal Bend Wellness Foundation, Valley AIDS Council, Center for Health Care Services, PILLAR, South Central AETC, Valley AIDS AETC, y Texas Department of State Health Services (DSHS).[\/vc_column_text][\/vc_column][vc_column width=&#8221;1\/2&#8243;][vc_single_image image=&#8221;999&#8243; img_size=&#8221;full&#8221;][\/vc_column][\/vc_row]<\/p>\n<\/div>","protected":false},"excerpt":{"rendered":"<p>[vc_row el_class=&#8221;far&#8221;][vc_column width=&#8221;1\/2&#8243;][vc_column_text] Metas del programa TACKLE 1.\u00a0Establecimiento de un modelo de detecci\u00f3n y vinculaci\u00f3n del VHC con la atenci\u00f3n y el tratamiento, incluida la integraci\u00f3n del trastorno de uso de sustancias (UDS) \/ servicios de salud mental para personas que viven con VIH (PVVS) en una red de clinicas financiada por el Programa de [&hellip;]<\/p>\n","protected":false},"author":104,"featured_media":1558,"parent":0,"menu_order":0,"comment_status":"closed","ping_status":"closed","template":"page-templates\/homepage-banner.php","meta":{"footnotes":""},"class_list":["post-1637","page","type-page","status-publish","has-post-thumbnail","hentry"],"yoast_head":"<!-- This site is optimized with the Yoast SEO plugin v27.3 - https:\/\/yoast.com\/product\/yoast-seo-wordpress\/ -->\n<title>TACKLE HIV\/HCV Program | UT Health San Antonio<\/title>\n<meta name=\"description\" content=\"Targeted Access to Community Knowledge, Linkage to treatment and Education for HIV\/HCV in people of color (TACKLE HIV\/HCV in people of color) program.\" \/>\n<meta name=\"robots\" content=\"index, follow, max-snippet:-1, max-image-preview:large, max-video-preview:-1\" \/>\n<link rel=\"canonical\" href=\"https:\/\/wp.uthscsa.edu\/tackle\/es\/sobre-nosotros\/\" \/>\n<meta property=\"og:locale\" content=\"en_US\" \/>\n<meta property=\"og:type\" content=\"article\" \/>\n<meta property=\"og:title\" content=\"TACKLE HIV\/HCV Program | UT Health San Antonio\" \/>\n<meta property=\"og:description\" content=\"Targeted Access to Community Knowledge, Linkage to treatment and Education for HIV\/HCV in people of color (TACKLE HIV\/HCV in people of color) is a multifaceted program to improve prevention, care, treatment and cure of HCV in people living with HIV (PLWHIV) in South Texas.\" \/>\n<meta property=\"og:url\" content=\"https:\/\/wp.uthscsa.edu\/tackle\/es\/sobre-nosotros\/\" \/>\n<meta property=\"og:site_name\" content=\"TACKLE\" \/>\n<meta property=\"article:modified_time\" content=\"2021-12-01T15:40:37+00:00\" \/>\n<meta property=\"og:image\" content=\"https:\/\/wp.uthscsa.edu\/tackle\/wp-content\/uploads\/sites\/65\/2021\/02\/ECHO-TACKLE-1069.jpg\" \/>\n\t<meta property=\"og:image:width\" content=\"1280\" \/>\n\t<meta property=\"og:image:height\" content=\"854\" \/>\n\t<meta property=\"og:image:type\" content=\"image\/jpeg\" \/>\n<meta name=\"twitter:card\" content=\"summary_large_image\" \/>\n<meta name=\"twitter:label1\" content=\"Est. reading time\" \/>\n\t<meta name=\"twitter:data1\" content=\"2 minutes\" \/>\n<script type=\"application\/ld+json\" class=\"yoast-schema-graph\">{\"@context\":\"https:\\\/\\\/schema.org\",\"@graph\":[{\"@type\":\"WebPage\",\"@id\":\"https:\\\/\\\/wp.uthscsa.edu\\\/tackle\\\/es\\\/sobre-nosotros\\\/\",\"url\":\"https:\\\/\\\/wp.uthscsa.edu\\\/tackle\\\/es\\\/sobre-nosotros\\\/\",\"name\":\"TACKLE HIV\\\/HCV Program | UT Health San Antonio\",\"isPartOf\":{\"@id\":\"https:\\\/\\\/wp.uthscsa.edu\\\/tackle\\\/#website\"},\"primaryImageOfPage\":{\"@id\":\"https:\\\/\\\/wp.uthscsa.edu\\\/tackle\\\/es\\\/sobre-nosotros\\\/#primaryimage\"},\"image\":{\"@id\":\"https:\\\/\\\/wp.uthscsa.edu\\\/tackle\\\/es\\\/sobre-nosotros\\\/#primaryimage\"},\"thumbnailUrl\":\"https:\\\/\\\/wp.uthscsa.edu\\\/tackle\\\/wp-content\\\/uploads\\\/sites\\\/65\\\/2021\\\/02\\\/ECHO-TACKLE-1069.jpg\",\"datePublished\":\"2021-04-05T20:23:08+00:00\",\"dateModified\":\"2021-12-01T15:40:37+00:00\",\"description\":\"Targeted Access to Community Knowledge, Linkage to treatment and Education for HIV\\\/HCV in people of color (TACKLE HIV\\\/HCV in people of color) program.\",\"breadcrumb\":{\"@id\":\"https:\\\/\\\/wp.uthscsa.edu\\\/tackle\\\/es\\\/sobre-nosotros\\\/#breadcrumb\"},\"inLanguage\":\"en-US\",\"potentialAction\":[{\"@type\":\"ReadAction\",\"target\":[\"https:\\\/\\\/wp.uthscsa.edu\\\/tackle\\\/es\\\/sobre-nosotros\\\/\"]}]},{\"@type\":\"ImageObject\",\"inLanguage\":\"en-US\",\"@id\":\"https:\\\/\\\/wp.uthscsa.edu\\\/tackle\\\/es\\\/sobre-nosotros\\\/#primaryimage\",\"url\":\"https:\\\/\\\/wp.uthscsa.edu\\\/tackle\\\/wp-content\\\/uploads\\\/sites\\\/65\\\/2021\\\/02\\\/ECHO-TACKLE-1069.jpg\",\"contentUrl\":\"https:\\\/\\\/wp.uthscsa.edu\\\/tackle\\\/wp-content\\\/uploads\\\/sites\\\/65\\\/2021\\\/02\\\/ECHO-TACKLE-1069.jpg\",\"width\":1280,\"height\":854},{\"@type\":\"BreadcrumbList\",\"@id\":\"https:\\\/\\\/wp.uthscsa.edu\\\/tackle\\\/es\\\/sobre-nosotros\\\/#breadcrumb\",\"itemListElement\":[{\"@type\":\"ListItem\",\"position\":1,\"name\":\"Home\",\"item\":\"https:\\\/\\\/wp.uthscsa.edu\\\/tackle\\\/\"},{\"@type\":\"ListItem\",\"position\":2,\"name\":\"Sobre Nosotros\"}]},{\"@type\":\"WebSite\",\"@id\":\"https:\\\/\\\/wp.uthscsa.edu\\\/tackle\\\/#website\",\"url\":\"https:\\\/\\\/wp.uthscsa.edu\\\/tackle\\\/\",\"name\":\"TACKLE\",\"description\":\"\",\"potentialAction\":[{\"@type\":\"SearchAction\",\"target\":{\"@type\":\"EntryPoint\",\"urlTemplate\":\"https:\\\/\\\/wp.uthscsa.edu\\\/tackle\\\/?s={search_term_string}\"},\"query-input\":{\"@type\":\"PropertyValueSpecification\",\"valueRequired\":true,\"valueName\":\"search_term_string\"}}],\"inLanguage\":\"en-US\"}]}<\/script>\n<!-- \/ Yoast SEO plugin. -->","yoast_head_json":{"title":"TACKLE HIV\/HCV Program | UT Health San Antonio","description":"Targeted Access to Community Knowledge, Linkage to treatment and Education for HIV\/HCV in people of color (TACKLE HIV\/HCV in people of color) program.","robots":{"index":"index","follow":"follow","max-snippet":"max-snippet:-1","max-image-preview":"max-image-preview:large","max-video-preview":"max-video-preview:-1"},"canonical":"https:\/\/wp.uthscsa.edu\/tackle\/es\/sobre-nosotros\/","og_locale":"en_US","og_type":"article","og_title":"TACKLE HIV\/HCV Program | UT Health San Antonio","og_description":"Targeted Access to Community Knowledge, Linkage to treatment and Education for HIV\/HCV in people of color (TACKLE HIV\/HCV in people of color) is a multifaceted program to improve prevention, care, treatment and cure of HCV in people living with HIV (PLWHIV) in South Texas.","og_url":"https:\/\/wp.uthscsa.edu\/tackle\/es\/sobre-nosotros\/","og_site_name":"TACKLE","article_modified_time":"2021-12-01T15:40:37+00:00","og_image":[{"width":1280,"height":854,"url":"https:\/\/wp.uthscsa.edu\/tackle\/wp-content\/uploads\/sites\/65\/2021\/02\/ECHO-TACKLE-1069.jpg","type":"image\/jpeg"}],"twitter_card":"summary_large_image","twitter_misc":{"Est. reading time":"2 minutes"},"schema":{"@context":"https:\/\/schema.org","@graph":[{"@type":"WebPage","@id":"https:\/\/wp.uthscsa.edu\/tackle\/es\/sobre-nosotros\/","url":"https:\/\/wp.uthscsa.edu\/tackle\/es\/sobre-nosotros\/","name":"TACKLE HIV\/HCV Program | UT Health San Antonio","isPartOf":{"@id":"https:\/\/wp.uthscsa.edu\/tackle\/#website"},"primaryImageOfPage":{"@id":"https:\/\/wp.uthscsa.edu\/tackle\/es\/sobre-nosotros\/#primaryimage"},"image":{"@id":"https:\/\/wp.uthscsa.edu\/tackle\/es\/sobre-nosotros\/#primaryimage"},"thumbnailUrl":"https:\/\/wp.uthscsa.edu\/tackle\/wp-content\/uploads\/sites\/65\/2021\/02\/ECHO-TACKLE-1069.jpg","datePublished":"2021-04-05T20:23:08+00:00","dateModified":"2021-12-01T15:40:37+00:00","description":"Targeted Access to Community Knowledge, Linkage to treatment and Education for HIV\/HCV in people of color (TACKLE HIV\/HCV in people of color) program.","breadcrumb":{"@id":"https:\/\/wp.uthscsa.edu\/tackle\/es\/sobre-nosotros\/#breadcrumb"},"inLanguage":"en-US","potentialAction":[{"@type":"ReadAction","target":["https:\/\/wp.uthscsa.edu\/tackle\/es\/sobre-nosotros\/"]}]},{"@type":"ImageObject","inLanguage":"en-US","@id":"https:\/\/wp.uthscsa.edu\/tackle\/es\/sobre-nosotros\/#primaryimage","url":"https:\/\/wp.uthscsa.edu\/tackle\/wp-content\/uploads\/sites\/65\/2021\/02\/ECHO-TACKLE-1069.jpg","contentUrl":"https:\/\/wp.uthscsa.edu\/tackle\/wp-content\/uploads\/sites\/65\/2021\/02\/ECHO-TACKLE-1069.jpg","width":1280,"height":854},{"@type":"BreadcrumbList","@id":"https:\/\/wp.uthscsa.edu\/tackle\/es\/sobre-nosotros\/#breadcrumb","itemListElement":[{"@type":"ListItem","position":1,"name":"Home","item":"https:\/\/wp.uthscsa.edu\/tackle\/"},{"@type":"ListItem","position":2,"name":"Sobre Nosotros"}]},{"@type":"WebSite","@id":"https:\/\/wp.uthscsa.edu\/tackle\/#website","url":"https:\/\/wp.uthscsa.edu\/tackle\/","name":"TACKLE","description":"","potentialAction":[{"@type":"SearchAction","target":{"@type":"EntryPoint","urlTemplate":"https:\/\/wp.uthscsa.edu\/tackle\/?s={search_term_string}"},"query-input":{"@type":"PropertyValueSpecification","valueRequired":true,"valueName":"search_term_string"}}],"inLanguage":"en-US"}]}},"lang":"es","translations":{"es":1637,"en":1536},"pll_sync_post":[],"_links":{"self":[{"href":"https:\/\/wp.uthscsa.edu\/tackle\/wp-json\/wp\/v2\/pages\/1637","targetHints":{"allow":["GET"]}}],"collection":[{"href":"https:\/\/wp.uthscsa.edu\/tackle\/wp-json\/wp\/v2\/pages"}],"about":[{"href":"https:\/\/wp.uthscsa.edu\/tackle\/wp-json\/wp\/v2\/types\/page"}],"author":[{"embeddable":true,"href":"https:\/\/wp.uthscsa.edu\/tackle\/wp-json\/wp\/v2\/users\/104"}],"replies":[{"embeddable":true,"href":"https:\/\/wp.uthscsa.edu\/tackle\/wp-json\/wp\/v2\/comments?post=1637"}],"version-history":[{"count":0,"href":"https:\/\/wp.uthscsa.edu\/tackle\/wp-json\/wp\/v2\/pages\/1637\/revisions"}],"wp:featuredmedia":[{"embeddable":true,"href":"https:\/\/wp.uthscsa.edu\/tackle\/wp-json\/wp\/v2\/media\/1558"}],"wp:attachment":[{"href":"https:\/\/wp.uthscsa.edu\/tackle\/wp-json\/wp\/v2\/media?parent=1637"}],"curies":[{"name":"wp","href":"https:\/\/api.w.org\/{rel}","templated":true}]}}