{"id":692,"date":"2019-01-16T18:13:26","date_gmt":"2019-01-16T18:13:26","guid":{"rendered":"https:\/\/wp.uthscsa.edu\/tackle\/?page_id=692"},"modified":"2021-04-07T11:50:51","modified_gmt":"2021-04-07T16:50:51","slug":"pacientes-recursos","status":"publish","type":"page","link":"https:\/\/wp.uthscsa.edu\/tackle\/es\/pacientes-recursos\/","title":{"rendered":"Recursos Para Pacientes"},"content":{"rendered":"<div class=\"wpb-content-wrapper\"><p>[vc_row el_class=&#8221;far&#8221;][vc_column width=&#8221;1\/2&#8243;][vc_column_text el_class=&#8221;text-center&#8221;]<\/p>\n<h2 class=\"ruled-heading\">El VIH<\/h2>\n<p>VIH significa Virus de Inmunodeficiencia Humana. El VIH ataca las c\u00e9lulas inmunitarias en el cuerpo, lo que lleva al SIDA si no es tratada.<\/p>\n<p><strong><a class=\"carat-double\" href=\"https:\/\/wp.uthscsa.edu\/tackle\/es\/pacientes-recursos\/vih\/\">M\u00e1s sobre el VIH<\/a><\/strong>[\/vc_column_text][\/vc_column][vc_column width=&#8221;1\/2&#8243;][vc_column_text el_class=&#8221;text-center&#8221;]<\/p>\n<h2 class=\"ruled-heading\">VHC<\/h2>\n<p>VHC significa virus de la hepatitis C. El VHC causa enfermedades hep\u00e1ticas, como fibrosis (cicatrizaci\u00f3n leve en el h\u00edgado), cirrosis (cicatrizaci\u00f3n grave en el h\u00edgado), carcinoma hepatocelular (c\u00e1ncer de h\u00edgado) e insuficiencia hep\u00e1tica.<\/p>\n<p><strong><a class=\"carat-double\" href=\"https:\/\/wp.uthscsa.edu\/tackle\/es\/pacientes-recursos\/vhc\/\">M\u00e1s sobre el VHC<\/a><\/strong>[\/vc_column_text][\/vc_column][\/vc_row][vc_row el_class=&#8221;far&#8221;][vc_column width=&#8221;1\/2&#8243;][vc_column_text el_class=&#8221;text-center&#8221;]<\/p>\n<h2 class=\"ruled-heading\">Coinfecci\u00f3n por VIH \/ VHC<\/h2>\n<p>Tanto el VIH como el VHC son virus y se transmiten de manera similar. Puede tener la infecci\u00f3n tanto por el VIH como por el VHC al mismo tiempo. La infecci\u00f3n por VHC se puede curar, mientras que la infecci\u00f3n por VIH no se puede curar, pero es tratable.<\/p>\n<p><strong><a class=\"carat-double\" href=\"https:\/\/wp.uthscsa.edu\/tackle\/es\/pacientes-recursos\/infeccion-vih-vhc\/\">M\u00e1s sobre la coinfecci\u00f3n por VIH \/ VHC<\/a><\/strong>[\/vc_column_text][\/vc_column][vc_column width=&#8221;1\/2&#8243;][vc_column_text el_class=&#8221;text-center&#8221;]<\/p>\n<h2 class=\"ruled-heading\" style=\"text-align: center;\">Aplicaci\u00f3n m\u00f3vil VIH \/ VHC (ingl\u00e9s y espa\u00f1ol)<\/h2>\n<p>La aplicaci\u00f3n m\u00f3vil TACKLE VIH \/ VHC se desarroll\u00f3 para ayudar a los pacientes a entender el VIH y el VHC, incluidos los factores de riesgo, la prevenci\u00f3n, la transmisi\u00f3n, las pruebas y el tratamiento. La aplicaci\u00f3n est\u00e1 disponible para descargar tanto en Apple Store como en Google Play.<\/p>\n<p style=\"text-align: center;\"><strong><a class=\"carat-double\" href=\"https:\/\/wp.uthscsa.edu\/tackle\/es\/la-aplicacion\/\">M\u00e1s sobre la aplicaci\u00f3n m\u00f3vil TACKLE HIV \/ HCV <\/a><\/strong><\/p>\n<p>[\/vc_column_text][\/vc_column][\/vc_row]<\/p>\n<\/div>","protected":false},"excerpt":{"rendered":"<p>[vc_row el_class=&#8221;far&#8221;][vc_column width=&#8221;1\/2&#8243;][vc_column_text el_class=&#8221;text-center&#8221;] El VIH VIH significa Virus de Inmunodeficiencia Humana. El VIH ataca las c\u00e9lulas inmunitarias en el cuerpo, lo que lleva al SIDA si no es tratada. M\u00e1s sobre el VIH[\/vc_column_text][\/vc_column][vc_column width=&#8221;1\/2&#8243;][vc_column_text el_class=&#8221;text-center&#8221;] VHC VHC significa virus de la hepatitis C. El VHC causa enfermedades hep\u00e1ticas, como fibrosis (cicatrizaci\u00f3n leve en el [&hellip;]<\/p>\n","protected":false},"author":352,"featured_media":462,"parent":0,"menu_order":0,"comment_status":"closed","ping_status":"closed","template":"page-templates\/homepage-banner.php","meta":{"footnotes":""},"class_list":["post-692","page","type-page","status-publish","has-post-thumbnail","hentry"],"yoast_head":"<!-- This site is optimized with the Yoast SEO plugin v27.3 - https:\/\/yoast.com\/product\/yoast-seo-wordpress\/ -->\n<title>Recursos Para Pacientes - TACKLE<\/title>\n<meta name=\"robots\" content=\"index, follow, max-snippet:-1, max-image-preview:large, max-video-preview:-1\" \/>\n<link rel=\"canonical\" href=\"https:\/\/wp.uthscsa.edu\/tackle\/es\/pacientes-recursos\/\" \/>\n<meta property=\"og:locale\" content=\"en_US\" \/>\n<meta property=\"og:type\" content=\"article\" \/>\n<meta property=\"og:title\" content=\"Recursos Para Pacientes - TACKLE\" \/>\n<meta property=\"og:description\" content=\"[vc_row el_class=&#8221;far&#8221;][vc_column width=&#8221;1\/2&#8243;][vc_column_text el_class=&#8221;text-center&#8221;] El VIH VIH significa Virus de Inmunodeficiencia Humana. El VIH ataca las c\u00e9lulas inmunitarias en el cuerpo, lo que lleva al SIDA si no es tratada. M\u00e1s sobre el VIH[\/vc_column_text][\/vc_column][vc_column width=&#8221;1\/2&#8243;][vc_column_text el_class=&#8221;text-center&#8221;] VHC VHC significa virus de la hepatitis C. El VHC causa enfermedades hep\u00e1ticas, como fibrosis (cicatrizaci\u00f3n leve en el [&hellip;]\" \/>\n<meta property=\"og:url\" content=\"https:\/\/wp.uthscsa.edu\/tackle\/es\/pacientes-recursos\/\" \/>\n<meta property=\"og:site_name\" content=\"TACKLE\" \/>\n<meta property=\"article:modified_time\" content=\"2021-04-07T16:50:51+00:00\" \/>\n<meta property=\"og:image\" content=\"https:\/\/wp.uthscsa.edu\/tackle\/wp-content\/uploads\/sites\/65\/2018\/09\/ECHO-TACKLE-1062_2.jpg\" \/>\n\t<meta property=\"og:image:width\" content=\"1350\" \/>\n\t<meta property=\"og:image:height\" content=\"608\" \/>\n\t<meta property=\"og:image:type\" content=\"image\/jpeg\" \/>\n<meta name=\"twitter:card\" content=\"summary_large_image\" \/>\n<meta name=\"twitter:label1\" content=\"Est. reading time\" \/>\n\t<meta name=\"twitter:data1\" content=\"1 minute\" \/>\n<script type=\"application\/ld+json\" class=\"yoast-schema-graph\">{\"@context\":\"https:\\\/\\\/schema.org\",\"@graph\":[{\"@type\":\"WebPage\",\"@id\":\"https:\\\/\\\/wp.uthscsa.edu\\\/tackle\\\/es\\\/pacientes-recursos\\\/\",\"url\":\"https:\\\/\\\/wp.uthscsa.edu\\\/tackle\\\/es\\\/pacientes-recursos\\\/\",\"name\":\"Recursos Para Pacientes - TACKLE\",\"isPartOf\":{\"@id\":\"https:\\\/\\\/wp.uthscsa.edu\\\/tackle\\\/#website\"},\"primaryImageOfPage\":{\"@id\":\"https:\\\/\\\/wp.uthscsa.edu\\\/tackle\\\/es\\\/pacientes-recursos\\\/#primaryimage\"},\"image\":{\"@id\":\"https:\\\/\\\/wp.uthscsa.edu\\\/tackle\\\/es\\\/pacientes-recursos\\\/#primaryimage\"},\"thumbnailUrl\":\"https:\\\/\\\/wp.uthscsa.edu\\\/tackle\\\/wp-content\\\/uploads\\\/sites\\\/65\\\/2018\\\/09\\\/ECHO-TACKLE-1062_2.jpg\",\"datePublished\":\"2019-01-16T18:13:26+00:00\",\"dateModified\":\"2021-04-07T16:50:51+00:00\",\"breadcrumb\":{\"@id\":\"https:\\\/\\\/wp.uthscsa.edu\\\/tackle\\\/es\\\/pacientes-recursos\\\/#breadcrumb\"},\"inLanguage\":\"en-US\",\"potentialAction\":[{\"@type\":\"ReadAction\",\"target\":[\"https:\\\/\\\/wp.uthscsa.edu\\\/tackle\\\/es\\\/pacientes-recursos\\\/\"]}]},{\"@type\":\"ImageObject\",\"inLanguage\":\"en-US\",\"@id\":\"https:\\\/\\\/wp.uthscsa.edu\\\/tackle\\\/es\\\/pacientes-recursos\\\/#primaryimage\",\"url\":\"https:\\\/\\\/wp.uthscsa.edu\\\/tackle\\\/wp-content\\\/uploads\\\/sites\\\/65\\\/2018\\\/09\\\/ECHO-TACKLE-1062_2.jpg\",\"contentUrl\":\"https:\\\/\\\/wp.uthscsa.edu\\\/tackle\\\/wp-content\\\/uploads\\\/sites\\\/65\\\/2018\\\/09\\\/ECHO-TACKLE-1062_2.jpg\",\"width\":1350,\"height\":608},{\"@type\":\"BreadcrumbList\",\"@id\":\"https:\\\/\\\/wp.uthscsa.edu\\\/tackle\\\/es\\\/pacientes-recursos\\\/#breadcrumb\",\"itemListElement\":[{\"@type\":\"ListItem\",\"position\":1,\"name\":\"Home\",\"item\":\"https:\\\/\\\/wp.uthscsa.edu\\\/tackle\\\/\"},{\"@type\":\"ListItem\",\"position\":2,\"name\":\"Recursos Para Pacientes\"}]},{\"@type\":\"WebSite\",\"@id\":\"https:\\\/\\\/wp.uthscsa.edu\\\/tackle\\\/#website\",\"url\":\"https:\\\/\\\/wp.uthscsa.edu\\\/tackle\\\/\",\"name\":\"TACKLE\",\"description\":\"\",\"potentialAction\":[{\"@type\":\"SearchAction\",\"target\":{\"@type\":\"EntryPoint\",\"urlTemplate\":\"https:\\\/\\\/wp.uthscsa.edu\\\/tackle\\\/?s={search_term_string}\"},\"query-input\":{\"@type\":\"PropertyValueSpecification\",\"valueRequired\":true,\"valueName\":\"search_term_string\"}}],\"inLanguage\":\"en-US\"}]}<\/script>\n<!-- \/ Yoast SEO plugin. -->","yoast_head_json":{"title":"Recursos Para Pacientes - TACKLE","robots":{"index":"index","follow":"follow","max-snippet":"max-snippet:-1","max-image-preview":"max-image-preview:large","max-video-preview":"max-video-preview:-1"},"canonical":"https:\/\/wp.uthscsa.edu\/tackle\/es\/pacientes-recursos\/","og_locale":"en_US","og_type":"article","og_title":"Recursos Para Pacientes - TACKLE","og_description":"[vc_row el_class=&#8221;far&#8221;][vc_column width=&#8221;1\/2&#8243;][vc_column_text el_class=&#8221;text-center&#8221;] El VIH VIH significa Virus de Inmunodeficiencia Humana. El VIH ataca las c\u00e9lulas inmunitarias en el cuerpo, lo que lleva al SIDA si no es tratada. M\u00e1s sobre el VIH[\/vc_column_text][\/vc_column][vc_column width=&#8221;1\/2&#8243;][vc_column_text el_class=&#8221;text-center&#8221;] VHC VHC significa virus de la hepatitis C. El VHC causa enfermedades hep\u00e1ticas, como fibrosis (cicatrizaci\u00f3n leve en el [&hellip;]","og_url":"https:\/\/wp.uthscsa.edu\/tackle\/es\/pacientes-recursos\/","og_site_name":"TACKLE","article_modified_time":"2021-04-07T16:50:51+00:00","og_image":[{"width":1350,"height":608,"url":"https:\/\/wp.uthscsa.edu\/tackle\/wp-content\/uploads\/sites\/65\/2018\/09\/ECHO-TACKLE-1062_2.jpg","type":"image\/jpeg"}],"twitter_card":"summary_large_image","twitter_misc":{"Est. reading time":"1 minute"},"schema":{"@context":"https:\/\/schema.org","@graph":[{"@type":"WebPage","@id":"https:\/\/wp.uthscsa.edu\/tackle\/es\/pacientes-recursos\/","url":"https:\/\/wp.uthscsa.edu\/tackle\/es\/pacientes-recursos\/","name":"Recursos Para Pacientes - TACKLE","isPartOf":{"@id":"https:\/\/wp.uthscsa.edu\/tackle\/#website"},"primaryImageOfPage":{"@id":"https:\/\/wp.uthscsa.edu\/tackle\/es\/pacientes-recursos\/#primaryimage"},"image":{"@id":"https:\/\/wp.uthscsa.edu\/tackle\/es\/pacientes-recursos\/#primaryimage"},"thumbnailUrl":"https:\/\/wp.uthscsa.edu\/tackle\/wp-content\/uploads\/sites\/65\/2018\/09\/ECHO-TACKLE-1062_2.jpg","datePublished":"2019-01-16T18:13:26+00:00","dateModified":"2021-04-07T16:50:51+00:00","breadcrumb":{"@id":"https:\/\/wp.uthscsa.edu\/tackle\/es\/pacientes-recursos\/#breadcrumb"},"inLanguage":"en-US","potentialAction":[{"@type":"ReadAction","target":["https:\/\/wp.uthscsa.edu\/tackle\/es\/pacientes-recursos\/"]}]},{"@type":"ImageObject","inLanguage":"en-US","@id":"https:\/\/wp.uthscsa.edu\/tackle\/es\/pacientes-recursos\/#primaryimage","url":"https:\/\/wp.uthscsa.edu\/tackle\/wp-content\/uploads\/sites\/65\/2018\/09\/ECHO-TACKLE-1062_2.jpg","contentUrl":"https:\/\/wp.uthscsa.edu\/tackle\/wp-content\/uploads\/sites\/65\/2018\/09\/ECHO-TACKLE-1062_2.jpg","width":1350,"height":608},{"@type":"BreadcrumbList","@id":"https:\/\/wp.uthscsa.edu\/tackle\/es\/pacientes-recursos\/#breadcrumb","itemListElement":[{"@type":"ListItem","position":1,"name":"Home","item":"https:\/\/wp.uthscsa.edu\/tackle\/"},{"@type":"ListItem","position":2,"name":"Recursos Para Pacientes"}]},{"@type":"WebSite","@id":"https:\/\/wp.uthscsa.edu\/tackle\/#website","url":"https:\/\/wp.uthscsa.edu\/tackle\/","name":"TACKLE","description":"","potentialAction":[{"@type":"SearchAction","target":{"@type":"EntryPoint","urlTemplate":"https:\/\/wp.uthscsa.edu\/tackle\/?s={search_term_string}"},"query-input":{"@type":"PropertyValueSpecification","valueRequired":true,"valueName":"search_term_string"}}],"inLanguage":"en-US"}]}},"lang":"es","translations":{"es":692,"en":1561},"pll_sync_post":[],"_links":{"self":[{"href":"https:\/\/wp.uthscsa.edu\/tackle\/wp-json\/wp\/v2\/pages\/692","targetHints":{"allow":["GET"]}}],"collection":[{"href":"https:\/\/wp.uthscsa.edu\/tackle\/wp-json\/wp\/v2\/pages"}],"about":[{"href":"https:\/\/wp.uthscsa.edu\/tackle\/wp-json\/wp\/v2\/types\/page"}],"author":[{"embeddable":true,"href":"https:\/\/wp.uthscsa.edu\/tackle\/wp-json\/wp\/v2\/users\/352"}],"replies":[{"embeddable":true,"href":"https:\/\/wp.uthscsa.edu\/tackle\/wp-json\/wp\/v2\/comments?post=692"}],"version-history":[{"count":0,"href":"https:\/\/wp.uthscsa.edu\/tackle\/wp-json\/wp\/v2\/pages\/692\/revisions"}],"wp:featuredmedia":[{"embeddable":true,"href":"https:\/\/wp.uthscsa.edu\/tackle\/wp-json\/wp\/v2\/media\/462"}],"wp:attachment":[{"href":"https:\/\/wp.uthscsa.edu\/tackle\/wp-json\/wp\/v2\/media?parent=692"}],"curies":[{"name":"wp","href":"https:\/\/api.w.org\/{rel}","templated":true}]}}