{"id":699,"date":"2019-01-16T18:18:53","date_gmt":"2019-01-16T18:18:53","guid":{"rendered":"https:\/\/wp.uthscsa.edu\/tackle\/?page_id=699"},"modified":"2021-04-07T10:18:34","modified_gmt":"2021-04-07T15:18:34","slug":"vih","status":"publish","type":"page","link":"https:\/\/wp.uthscsa.edu\/tackle\/es\/pacientes-recursos\/vih\/","title":{"rendered":"El VIH"},"content":{"rendered":"<div class=\"wpb-content-wrapper\"><p>[vc_row full_width=&#8221;stretch_row&#8221; el_class=&#8221;far&#8221;][vc_column width=&#8221;1\/2&#8243;][vc_column_text el_class=&#8221;panel colorized white match&#8221;]<\/p>\n<h3>Lectura recomendada<\/h3>\n<ul>\n<li><a href=\"https:\/\/infosida.nih.gov\/understanding-hiv-aids\" target=\"_blank\" rel=\"noopener\"><strong>InfoSIDA: <\/strong>entendiendo el VIH\/SIDA<\/a><\/li>\n<li><a href=\"https:\/\/www.hiv.gov\/hiv-basics\" target=\"_blank\" rel=\"noopener\"><strong>HIV.gov:<\/strong>\u00a0Fundamentos del VIH\u00a0<\/a>(<em>Pagina\u00a0web en ingl\u00e9s.<\/em>\u00a0S<em>i habla espa\u00f1ol, tiene a su disposici\u00f3n servicios gratuitos de asistencia ling\u00fc\u00edstica<\/em>)<\/li>\n<li><a href=\"https:\/\/www.dshs.texas.gov\/Spanish.aspx\" target=\"_blank\" rel=\"noopener\"><strong>Departamento de Servicios de Salud del Estado de Texas<\/strong>: Programa de VIH\/ETS<\/a><\/li>\n<li><a href=\"http:\/\/www.thebody.com\/espanol.html?ic=3001\" target=\"_blank\" rel=\"noopener\"><b>El cuerpo:<\/b> El recurso completo de VIH\/SIDA<\/a><\/li>\n<li><a href=\"https:\/\/www.cdc.gov\/hiv\/spanish\/index.html\"><strong>Centro para el Control y Prevenci\u00f3n de Enfermedades:<\/strong> VIH\/SIDA<\/a><\/li>\n<\/ul>\n<p>[\/vc_column_text][\/vc_column][vc_column width=&#8221;1\/2&#8243;][vc_column_text]<img loading=\"lazy\" decoding=\"async\" class=\"alignnone size-full wp-image-754\" src=\"https:\/\/wp.uthscsa.edu\/tackle\/wp-content\/uploads\/sites\/65\/2019\/01\/106e-life-cycle2013-sp.jpg\" alt=\"\" width=\"612\" height=\"792\" srcset=\"https:\/\/wp.uthscsa.edu\/tackle\/wp-content\/uploads\/sites\/65\/2019\/01\/106e-life-cycle2013-sp.jpg 612w, https:\/\/wp.uthscsa.edu\/tackle\/wp-content\/uploads\/sites\/65\/2019\/01\/106e-life-cycle2013-sp-232x300.jpg 232w\" sizes=\"auto, (max-width: 612px) 100vw, 612px\" \/>[\/vc_column_text][\/vc_column][\/vc_row]<\/p>\n<\/div>","protected":false},"excerpt":{"rendered":"<p>[vc_row full_width=&#8221;stretch_row&#8221; el_class=&#8221;far&#8221;][vc_column width=&#8221;1\/2&#8243;][vc_column_text el_class=&#8221;panel colorized white match&#8221;] Lectura recomendada InfoSIDA: entendiendo el VIH\/SIDA HIV.gov:\u00a0Fundamentos del VIH\u00a0(Pagina\u00a0web en ingl\u00e9s.\u00a0Si habla espa\u00f1ol, tiene a su disposici\u00f3n servicios gratuitos de asistencia ling\u00fc\u00edstica) Departamento de Servicios de Salud del Estado de Texas: Programa de VIH\/ETS El cuerpo: El recurso completo de VIH\/SIDA Centro para el Control y Prevenci\u00f3n [&hellip;]<\/p>\n","protected":false},"author":352,"featured_media":1647,"parent":692,"menu_order":0,"comment_status":"closed","ping_status":"closed","template":"","meta":{"footnotes":""},"class_list":["post-699","page","type-page","status-publish","has-post-thumbnail","hentry"],"yoast_head":"<!-- This site is optimized with the Yoast SEO plugin v27.2 - https:\/\/yoast.com\/product\/yoast-seo-wordpress\/ -->\n<title>El VIH - TACKLE<\/title>\n<meta name=\"robots\" content=\"index, follow, max-snippet:-1, max-image-preview:large, max-video-preview:-1\" \/>\n<link rel=\"canonical\" href=\"https:\/\/wp.uthscsa.edu\/tackle\/es\/pacientes-recursos\/vih\/\" \/>\n<meta property=\"og:locale\" content=\"en_US\" \/>\n<meta property=\"og:type\" content=\"article\" \/>\n<meta property=\"og:title\" content=\"El VIH - TACKLE\" \/>\n<meta property=\"og:description\" content=\"[vc_row full_width=&#8221;stretch_row&#8221; el_class=&#8221;far&#8221;][vc_column width=&#8221;1\/2&#8243;][vc_column_text el_class=&#8221;panel colorized white match&#8221;] Lectura recomendada InfoSIDA: entendiendo el VIH\/SIDA HIV.gov:\u00a0Fundamentos del VIH\u00a0(Pagina\u00a0web en ingl\u00e9s.\u00a0Si habla espa\u00f1ol, tiene a su disposici\u00f3n servicios gratuitos de asistencia ling\u00fc\u00edstica) Departamento de Servicios de Salud del Estado de Texas: Programa de VIH\/ETS El cuerpo: El recurso completo de VIH\/SIDA Centro para el Control y Prevenci\u00f3n [&hellip;]\" \/>\n<meta property=\"og:url\" content=\"https:\/\/wp.uthscsa.edu\/tackle\/es\/pacientes-recursos\/vih\/\" \/>\n<meta property=\"og:site_name\" content=\"TACKLE\" \/>\n<meta property=\"article:modified_time\" content=\"2021-04-07T15:18:34+00:00\" \/>\n<meta property=\"og:image\" content=\"https:\/\/wp.uthscsa.edu\/tackle\/wp-content\/uploads\/sites\/65\/2021\/04\/Untitled-design-4.png\" \/>\n\t<meta property=\"og:image:width\" content=\"1920\" \/>\n\t<meta property=\"og:image:height\" content=\"1080\" \/>\n\t<meta property=\"og:image:type\" content=\"image\/png\" \/>\n<meta name=\"twitter:card\" content=\"summary_large_image\" \/>\n<meta name=\"twitter:label1\" content=\"Est. reading time\" \/>\n\t<meta name=\"twitter:data1\" content=\"1 minute\" \/>\n<script type=\"application\/ld+json\" class=\"yoast-schema-graph\">{\"@context\":\"https:\/\/schema.org\",\"@graph\":[{\"@type\":\"WebPage\",\"@id\":\"https:\/\/wp.uthscsa.edu\/tackle\/es\/pacientes-recursos\/vih\/\",\"url\":\"https:\/\/wp.uthscsa.edu\/tackle\/es\/pacientes-recursos\/vih\/\",\"name\":\"El VIH - TACKLE\",\"isPartOf\":{\"@id\":\"https:\/\/wp.uthscsa.edu\/tackle\/#website\"},\"primaryImageOfPage\":{\"@id\":\"https:\/\/wp.uthscsa.edu\/tackle\/es\/pacientes-recursos\/vih\/#primaryimage\"},\"image\":{\"@id\":\"https:\/\/wp.uthscsa.edu\/tackle\/es\/pacientes-recursos\/vih\/#primaryimage\"},\"thumbnailUrl\":\"https:\/\/wp.uthscsa.edu\/tackle\/wp-content\/uploads\/sites\/65\/2021\/04\/Untitled-design-4.png\",\"datePublished\":\"2019-01-16T18:18:53+00:00\",\"dateModified\":\"2021-04-07T15:18:34+00:00\",\"breadcrumb\":{\"@id\":\"https:\/\/wp.uthscsa.edu\/tackle\/es\/pacientes-recursos\/vih\/#breadcrumb\"},\"inLanguage\":\"en-US\",\"potentialAction\":[{\"@type\":\"ReadAction\",\"target\":[\"https:\/\/wp.uthscsa.edu\/tackle\/es\/pacientes-recursos\/vih\/\"]}]},{\"@type\":\"ImageObject\",\"inLanguage\":\"en-US\",\"@id\":\"https:\/\/wp.uthscsa.edu\/tackle\/es\/pacientes-recursos\/vih\/#primaryimage\",\"url\":\"https:\/\/wp.uthscsa.edu\/tackle\/wp-content\/uploads\/sites\/65\/2021\/04\/Untitled-design-4.png\",\"contentUrl\":\"https:\/\/wp.uthscsa.edu\/tackle\/wp-content\/uploads\/sites\/65\/2021\/04\/Untitled-design-4.png\",\"width\":1920,\"height\":1080},{\"@type\":\"BreadcrumbList\",\"@id\":\"https:\/\/wp.uthscsa.edu\/tackle\/es\/pacientes-recursos\/vih\/#breadcrumb\",\"itemListElement\":[{\"@type\":\"ListItem\",\"position\":1,\"name\":\"Home\",\"item\":\"https:\/\/wp.uthscsa.edu\/tackle\/\"},{\"@type\":\"ListItem\",\"position\":2,\"name\":\"Recursos Para Pacientes\",\"item\":\"https:\/\/wp.uthscsa.edu\/tackle\/es\/pacientes-recursos\/\"},{\"@type\":\"ListItem\",\"position\":3,\"name\":\"El VIH\"}]},{\"@type\":\"WebSite\",\"@id\":\"https:\/\/wp.uthscsa.edu\/tackle\/#website\",\"url\":\"https:\/\/wp.uthscsa.edu\/tackle\/\",\"name\":\"TACKLE\",\"description\":\"\",\"potentialAction\":[{\"@type\":\"SearchAction\",\"target\":{\"@type\":\"EntryPoint\",\"urlTemplate\":\"https:\/\/wp.uthscsa.edu\/tackle\/?s={search_term_string}\"},\"query-input\":{\"@type\":\"PropertyValueSpecification\",\"valueRequired\":true,\"valueName\":\"search_term_string\"}}],\"inLanguage\":\"en-US\"}]}<\/script>\n<!-- \/ Yoast SEO plugin. -->","yoast_head_json":{"title":"El VIH - TACKLE","robots":{"index":"index","follow":"follow","max-snippet":"max-snippet:-1","max-image-preview":"max-image-preview:large","max-video-preview":"max-video-preview:-1"},"canonical":"https:\/\/wp.uthscsa.edu\/tackle\/es\/pacientes-recursos\/vih\/","og_locale":"en_US","og_type":"article","og_title":"El VIH - TACKLE","og_description":"[vc_row full_width=&#8221;stretch_row&#8221; el_class=&#8221;far&#8221;][vc_column width=&#8221;1\/2&#8243;][vc_column_text el_class=&#8221;panel colorized white match&#8221;] Lectura recomendada InfoSIDA: entendiendo el VIH\/SIDA HIV.gov:\u00a0Fundamentos del VIH\u00a0(Pagina\u00a0web en ingl\u00e9s.\u00a0Si habla espa\u00f1ol, tiene a su disposici\u00f3n servicios gratuitos de asistencia ling\u00fc\u00edstica) Departamento de Servicios de Salud del Estado de Texas: Programa de VIH\/ETS El cuerpo: El recurso completo de VIH\/SIDA Centro para el Control y Prevenci\u00f3n [&hellip;]","og_url":"https:\/\/wp.uthscsa.edu\/tackle\/es\/pacientes-recursos\/vih\/","og_site_name":"TACKLE","article_modified_time":"2021-04-07T15:18:34+00:00","og_image":[{"width":1920,"height":1080,"url":"https:\/\/wp.uthscsa.edu\/tackle\/wp-content\/uploads\/sites\/65\/2021\/04\/Untitled-design-4.png","type":"image\/png"}],"twitter_card":"summary_large_image","twitter_misc":{"Est. reading time":"1 minute"},"schema":{"@context":"https:\/\/schema.org","@graph":[{"@type":"WebPage","@id":"https:\/\/wp.uthscsa.edu\/tackle\/es\/pacientes-recursos\/vih\/","url":"https:\/\/wp.uthscsa.edu\/tackle\/es\/pacientes-recursos\/vih\/","name":"El VIH - TACKLE","isPartOf":{"@id":"https:\/\/wp.uthscsa.edu\/tackle\/#website"},"primaryImageOfPage":{"@id":"https:\/\/wp.uthscsa.edu\/tackle\/es\/pacientes-recursos\/vih\/#primaryimage"},"image":{"@id":"https:\/\/wp.uthscsa.edu\/tackle\/es\/pacientes-recursos\/vih\/#primaryimage"},"thumbnailUrl":"https:\/\/wp.uthscsa.edu\/tackle\/wp-content\/uploads\/sites\/65\/2021\/04\/Untitled-design-4.png","datePublished":"2019-01-16T18:18:53+00:00","dateModified":"2021-04-07T15:18:34+00:00","breadcrumb":{"@id":"https:\/\/wp.uthscsa.edu\/tackle\/es\/pacientes-recursos\/vih\/#breadcrumb"},"inLanguage":"en-US","potentialAction":[{"@type":"ReadAction","target":["https:\/\/wp.uthscsa.edu\/tackle\/es\/pacientes-recursos\/vih\/"]}]},{"@type":"ImageObject","inLanguage":"en-US","@id":"https:\/\/wp.uthscsa.edu\/tackle\/es\/pacientes-recursos\/vih\/#primaryimage","url":"https:\/\/wp.uthscsa.edu\/tackle\/wp-content\/uploads\/sites\/65\/2021\/04\/Untitled-design-4.png","contentUrl":"https:\/\/wp.uthscsa.edu\/tackle\/wp-content\/uploads\/sites\/65\/2021\/04\/Untitled-design-4.png","width":1920,"height":1080},{"@type":"BreadcrumbList","@id":"https:\/\/wp.uthscsa.edu\/tackle\/es\/pacientes-recursos\/vih\/#breadcrumb","itemListElement":[{"@type":"ListItem","position":1,"name":"Home","item":"https:\/\/wp.uthscsa.edu\/tackle\/"},{"@type":"ListItem","position":2,"name":"Recursos Para Pacientes","item":"https:\/\/wp.uthscsa.edu\/tackle\/es\/pacientes-recursos\/"},{"@type":"ListItem","position":3,"name":"El VIH"}]},{"@type":"WebSite","@id":"https:\/\/wp.uthscsa.edu\/tackle\/#website","url":"https:\/\/wp.uthscsa.edu\/tackle\/","name":"TACKLE","description":"","potentialAction":[{"@type":"SearchAction","target":{"@type":"EntryPoint","urlTemplate":"https:\/\/wp.uthscsa.edu\/tackle\/?s={search_term_string}"},"query-input":{"@type":"PropertyValueSpecification","valueRequired":true,"valueName":"search_term_string"}}],"inLanguage":"en-US"}]}},"lang":"es","translations":{"es":699,"en":1604},"pll_sync_post":[],"_links":{"self":[{"href":"https:\/\/wp.uthscsa.edu\/tackle\/wp-json\/wp\/v2\/pages\/699","targetHints":{"allow":["GET"]}}],"collection":[{"href":"https:\/\/wp.uthscsa.edu\/tackle\/wp-json\/wp\/v2\/pages"}],"about":[{"href":"https:\/\/wp.uthscsa.edu\/tackle\/wp-json\/wp\/v2\/types\/page"}],"author":[{"embeddable":true,"href":"https:\/\/wp.uthscsa.edu\/tackle\/wp-json\/wp\/v2\/users\/352"}],"replies":[{"embeddable":true,"href":"https:\/\/wp.uthscsa.edu\/tackle\/wp-json\/wp\/v2\/comments?post=699"}],"version-history":[{"count":0,"href":"https:\/\/wp.uthscsa.edu\/tackle\/wp-json\/wp\/v2\/pages\/699\/revisions"}],"up":[{"embeddable":true,"href":"https:\/\/wp.uthscsa.edu\/tackle\/wp-json\/wp\/v2\/pages\/692"}],"wp:featuredmedia":[{"embeddable":true,"href":"https:\/\/wp.uthscsa.edu\/tackle\/wp-json\/wp\/v2\/media\/1647"}],"wp:attachment":[{"href":"https:\/\/wp.uthscsa.edu\/tackle\/wp-json\/wp\/v2\/media?parent=699"}],"curies":[{"name":"wp","href":"https:\/\/api.w.org\/{rel}","templated":true}]}}